{"id":9042,"date":"2026-03-26T03:41:19","date_gmt":"2026-03-26T03:41:19","guid":{"rendered":"https:\/\/alegrabrasilmoving.com\/?page_id=9042"},"modified":"2026-03-26T03:44:45","modified_gmt":"2026-03-26T03:44:45","slug":"manutencao","status":"publish","type":"page","link":"https:\/\/alegrabrasilmoving.com\/en\/","title":{"rendered":"Manuten\u00e7\u00e3o"},"content":{"rendered":"<section style=\"font-family: Arial, sans-serif; max-width: 900px; margin: 0 auto; padding: 60px 20px; text-align: center; background-color: #000; color: #fff; min-height: 100vh;\"><img decoding=\"async\" class=\"alignnone  wp-image-8922\" src=\"https:\/\/alegrabrasilmoving.com\/wp-content\/uploads\/2025\/10\/logo-light-624x468.png\" alt=\"\" width=\"144\" height=\"108\" \/><\/p>\n<h1 style=\"font-size: 38px; margin-bottom: 10px; color: #fff;\">Estamos em manuten\u00e7\u00e3o<\/h1>\n<p style=\"font-size: 18px; color: #ddd; margin-bottom: 40px;\">Nosso site est\u00e1 passando por melhorias para atend\u00ea-lo melhor.<\/p>\n<p>O rastreamento da sua encomenda continua dispon\u00edvel abaixo.<\/p>\n<div style=\"background: #111; border: 1px solid #333; border-radius: 12px; padding: 30px; margin-bottom: 40px;\">    <style>\r\n        .abm-track-theme-wrap{\r\n            width:100%;\r\n            margin:0 auto 40px;\r\n            position:relative;\r\n            z-index:2;\r\n        }\r\n\r\n        .abm-track-theme-box{\r\n            background:#f4f4f4;\r\n            border-radius:26px;\r\n            padding:42px 40px 36px;\r\n            box-shadow:0 20px 60px rgba(0,0,0,.08);\r\n        }\r\n\r\n        .abm-track-theme-head{\r\n            display:flex;\r\n            justify-content:space-between;\r\n            align-items:center;\r\n            gap:20px;\r\n            padding-bottom:18px;\r\n            margin-bottom:28px;\r\n            border-bottom:1px solid rgba(17,17,17,.10);\r\n        }\r\n\r\n        .abm-track-theme-tab{\r\n            display:flex;\r\n            align-items:center;\r\n            gap:10px;\r\n            font-weight:700;\r\n            color:#16171b;\r\n            font-size:16px;\r\n        }\r\n\r\n        .abm-track-theme-tab svg{\r\n            width:20px;\r\n            height:20px;\r\n            fill:none;\r\n            stroke:currentColor;\r\n            stroke-width:1.8;\r\n            flex:0 0 auto;\r\n        }\r\n\r\n        .abm-track-theme-link a{\r\n            color:#5f6368 !important;\r\n            text-decoration:none;\r\n            font-weight:700;\r\n            transition:all .25s ease;\r\n        }\r\n\r\n        .abm-track-theme-link a:hover{\r\n            color:#ff5a36 !important;\r\n            text-decoration:none;\r\n        }\r\n\r\n        .abm-track-theme-line{\r\n            height:4px;\r\n            width:48%;\r\n            max-width:240px;\r\n            background:#ff5a36;\r\n            border-radius:999px;\r\n            position:absolute;\r\n            left:40px;\r\n            top:94px;\r\n        }\r\n\r\n        .abm-track-form.form-shipment{\r\n            position:relative;\r\n        }\r\n\r\n        .abm-track-form .row{\r\n            align-items:end;\r\n        }\r\n\r\n        .abm-track-form label{\r\n            display:block;\r\n            margin-bottom:12px;\r\n            color:#5f6368 !important;\r\n            font-size:15px;\r\n            font-weight:700;\r\n            line-height:1.2;\r\n        }\r\n\r\n        .abm-track-input-wrap{\r\n            position:relative;\r\n        }\r\n\r\n        .abm-track-form .form-id{\r\n            width:100%;\r\n            height:62px;\r\n            border:none;\r\n            outline:none;\r\n            background:#0b0f19;\r\n            color:#fff !important;\r\n            border-radius:10px;\r\n            padding:0 20px;\r\n            font-size:18px;\r\n            font-weight:500;\r\n            transition:all .25s ease;\r\n            box-shadow:none;\r\n        }\r\n\r\n        .abm-track-form .form-id::placeholder{\r\n            color:#8b9099 !important;\r\n            opacity:1;\r\n        }\r\n\r\n        .abm-track-form .form-id:focus{\r\n            box-shadow:0 0 0 2px rgba(255,90,54,.18);\r\n            transform:translateY(-1px);\r\n        }\r\n\r\n        .abm-track-form .pxl-btn.btn-primary,\r\n        .abm-track-form .abm-track-submit{\r\n            width:100%;\r\n            min-height:62px;\r\n            border:none;\r\n            outline:none;\r\n            cursor:pointer;\r\n            border-radius:10px;\r\n            background:#ff5a36;\r\n            color:#fff !important;\r\n            font-size:18px;\r\n            font-weight:700;\r\n            display:inline-flex;\r\n            align-items:center;\r\n            justify-content:center;\r\n            transition:all .25s ease;\r\n            box-shadow:none;\r\n        }\r\n\r\n        .abm-track-form .pxl-btn.btn-primary:hover,\r\n        .abm-track-form .abm-track-submit:hover{\r\n            background:#ef4c28;\r\n            transform:translateY(-1px);\r\n        }\r\n\r\n        .abm-track-form .abm-track-submit.is-loading{\r\n            opacity:.75;\r\n            pointer-events:none;\r\n        }\r\n\r\n        .abm-track-feedback{\r\n            margin-top:28px;\r\n        }\r\n\r\n        .abm-track-message{\r\n            margin:0;\r\n            background:#ffffff;\r\n            color:#16171b !important;\r\n            border-radius:16px;\r\n            padding:20px 22px;\r\n            border:1px solid rgba(17,17,17,.08);\r\n            box-shadow:0 10px 30px rgba(0,0,0,.04);\r\n            font-size:16px;\r\n            font-weight:600;\r\n        }\r\n\r\n        .abm-track-meta{\r\n            margin-bottom:20px;\r\n            background:#ffffff;\r\n            border:1px solid rgba(17,17,17,.08);\r\n            border-radius:16px;\r\n            padding:18px 22px;\r\n            box-shadow:0 10px 30px rgba(0,0,0,.04);\r\n            color:#16171b !important;\r\n            font-size:16px;\r\n            line-height:1.8;\r\n        }\r\n\r\n        .abm-track-meta strong{\r\n            color:#16171b !important;\r\n            font-weight:800;\r\n        }\r\n\r\n        .abm-track-results-card{\r\n            background:#ffffff;\r\n            border:1px solid rgba(17,17,17,.08);\r\n            border-radius:18px;\r\n            overflow:hidden;\r\n            box-shadow:0 10px 30px rgba(0,0,0,.04);\r\n        }\r\n\r\n        .abm-track-table{\r\n            width:100%;\r\n            border-collapse:collapse;\r\n            margin:0;\r\n            background:#fff;\r\n        }\r\n\r\n        .abm-track-table thead th{\r\n            background:#f7f7f8;\r\n            color:#16171b !important;\r\n            font-size:15px;\r\n            font-weight:800;\r\n            padding:18px 18px;\r\n            border-bottom:1px solid rgba(17,17,17,.08);\r\n            text-align:left;\r\n        }\r\n\r\n        .abm-track-table tbody td{\r\n            color:#4f5560 !important;\r\n            font-size:16px;\r\n            line-height:1.7;\r\n            padding:18px 18px;\r\n            border-bottom:1px solid rgba(17,17,17,.08);\r\n            vertical-align:top;\r\n            background:#fff;\r\n        }\r\n\r\n        .abm-track-table tbody tr:last-child td{\r\n            border-bottom:none;\r\n        }\r\n\r\n        @media (max-width: 991px){\r\n            .abm-track-theme-box{\r\n                padding:32px 24px 28px;\r\n                border-radius:20px;\r\n            }\r\n\r\n            .abm-track-theme-head{\r\n                flex-direction:column;\r\n                align-items:flex-start;\r\n                gap:10px;\r\n            }\r\n\r\n            .abm-track-theme-line{\r\n                left:24px;\r\n                top:86px;\r\n                width:180px;\r\n            }\r\n        }\r\n\r\n        @media (max-width: 767px){\r\n            .abm-track-theme-box{\r\n                padding:24px 16px 22px;\r\n                border-radius:18px;\r\n            }\r\n\r\n            .abm-track-theme-tab{\r\n                font-size:15px;\r\n            }\r\n\r\n            .abm-track-theme-line{\r\n                left:16px;\r\n                top:82px;\r\n                width:150px;\r\n            }\r\n\r\n            .abm-track-form .form-id,\r\n            .abm-track-form .abm-track-submit{\r\n                height:56px;\r\n                min-height:56px;\r\n                font-size:16px;\r\n            }\r\n\r\n            .abm-track-table thead{\r\n                display:none;\r\n            }\r\n\r\n            .abm-track-table,\r\n            .abm-track-table tbody,\r\n            .abm-track-table tr,\r\n            .abm-track-table td{\r\n                display:block;\r\n                width:100%;\r\n            }\r\n\r\n            .abm-track-table tr{\r\n                border-bottom:1px solid rgba(17,17,17,.08);\r\n            }\r\n\r\n            .abm-track-table tbody tr:last-child{\r\n                border-bottom:none;\r\n            }\r\n\r\n            .abm-track-table tbody td{\r\n                border:none;\r\n                padding:12px 16px;\r\n            }\r\n\r\n            .abm-track-table tbody td::before{\r\n                content:attr(data-label);\r\n                display:block;\r\n                margin-bottom:6px;\r\n                font-weight:800;\r\n                color:#16171b;\r\n            }\r\n        }\r\n    <\/style>\r\n\r\n    <div class=\"abm-track-theme-wrap\" id=\"abm-track-545038\">\r\n        <div class=\"abm-track-theme-box\">\r\n            <div class=\"abm-track-theme-head\">\r\n                <div class=\"abm-track-theme-tab\">\r\n                    <svg viewBox=\"0 0 24 24\" aria-hidden=\"true\">\r\n                        <path d=\"M4 7h16M7 4h10a1 1 0 0 1 1 1v14a1 1 0 0 1-1 1H7a1 1 0 0 1-1-1V5a1 1 0 0 1 1-1Z\"><\/path>\r\n                        <path d=\"M9 11h6M9 15h4\"><\/path>\r\n                    <\/svg>\r\n                    <span>Rastreamento de Encomendas<\/span>\r\n                <\/div>\r\n\r\n                <div class=\"abm-track-theme-tab abm-track-theme-link\" style=\"opacity:.82;\">\r\n                    <svg viewBox=\"0 0 24 24\" aria-hidden=\"true\">\r\n                        <path d=\"M3 10.5 12 4l9 6.5\"><\/path>\r\n                        <path d=\"M5 9.5V20h14V9.5\"><\/path>\r\n                    <\/svg>\r\n                    <a href=\"https:\/\/alegrabrasilmoving.com\/en\/contato\">Precisa de ajuda? Entre em contato<\/a>\r\n                <\/div>\r\n            <\/div>\r\n\r\n            <div class=\"abm-track-theme-line\"><\/div>\r\n\r\n            <form method=\"post\" class=\"abm-track-form form-shipment\" novalidate>\r\n                <input type=\"hidden\" id=\"abm_track_nonce\" name=\"abm_track_nonce\" value=\"8569d56dbf\" \/><input type=\"hidden\" name=\"_wp_http_referer\" value=\"\/en\/wp-json\/wp\/v2\/pages\/9042\" \/>\r\n                <div class=\"row gx-16\">\r\n                    <div class=\"col-12 col-lg-5 col-md-5\">\r\n                        <label>\u00daltimo Nome<\/label>\r\n                        <div class=\"abm-track-input-wrap\">\r\n                            <input\r\n                                type=\"text\"\r\n                                name=\"lastname\"\r\n                                class=\"form-id\"\r\n                                placeholder=\"Digite seu \u00faltimo nome\"\r\n                                value=\"\"\r\n                                required\r\n                            >\r\n                        <\/div>\r\n                    <\/div>\r\n\r\n                    <div class=\"col-12 col-lg-5 col-md-5\">\r\n                        <label>C\u00f3digo da Encomenda<\/label>\r\n                        <div class=\"abm-track-input-wrap\">\r\n                            <input\r\n                                type=\"text\"\r\n                                name=\"ordem\"\r\n                                class=\"form-id\"\r\n                                placeholder=\"Digite o c\u00f3digo da encomenda\"\r\n                                value=\"\"\r\n                                required\r\n                            >\r\n                        <\/div>\r\n                    <\/div>\r\n\r\n                    <div class=\"col-12 col-lg-2 col-md-2\">\r\n                        <button type=\"submit\" name=\"abm_track_submit\" value=\"1\" class=\"pxl-btn btn-primary abm-track-submit\">\r\n                            <span class=\"pxl-button-text\">Rastrear<\/span>\r\n                        <\/button>\r\n                    <\/div>\r\n                <\/div>\r\n            <\/form>\r\n\r\n            <div class=\"abm-track-feedback-holder\">\r\n                            <\/div>\r\n        <\/div>\r\n    <\/div>\r\n\r\n    <script>\r\n    (function() {\r\n        const wrap = document.getElementById('abm-track-545038');\r\n        if (!wrap) return;\r\n\r\n        const form = wrap.querySelector('.abm-track-form');\r\n        const holder = wrap.querySelector('.abm-track-feedback-holder');\r\n        const button = wrap.querySelector('.abm-track-submit');\r\n\r\n        if (!form || !holder || !button) return;\r\n\r\n        form.addEventListener('submit', async function(e) {\r\n            e.preventDefault();\r\n\r\n            const lastnameField = form.querySelector('input[name=\"lastname\"]');\r\n            const ordemField = form.querySelector('input[name=\"ordem\"]');\r\n\r\n            if (!lastnameField.value.trim()) {\r\n                holder.innerHTML = '<div class=\"abm-track-feedback\"><div class=\"abm-track-message\">Informe o \u00faltimo nome.<\/div><\/div>';\r\n                lastnameField.focus();\r\n                return;\r\n            }\r\n\r\n            if (!ordemField.value.trim()) {\r\n                holder.innerHTML = '<div class=\"abm-track-feedback\"><div class=\"abm-track-message\">Informe o c\u00f3digo da encomenda.<\/div><\/div>';\r\n                ordemField.focus();\r\n                return;\r\n            }\r\n\r\n            const formData = new FormData(form);\r\n            formData.append('action', 'abm_track_lookup');\r\n            formData.append('nonce', '2849f0a4d3');\r\n\r\n            const originalText = button.innerHTML;\r\n            button.classList.add('is-loading');\r\n            button.innerHTML = '<span class=\"pxl-button-text\">Consultando...<\/span>';\r\n\r\n            try {\r\n                const response = await fetch('https:\/\/alegrabrasilmoving.com\/wp-admin\/admin-ajax.php', {\r\n                    method: 'POST',\r\n                    credentials: 'same-origin',\r\n                    body: formData\r\n                });\r\n\r\n                const data = await response.json();\r\n\r\n                if (!data || !data.success || !data.data || typeof data.data.html === 'undefined') {\r\n                    throw new Error('Resposta inv\u00e1lida');\r\n                }\r\n\r\n                holder.innerHTML = data.data.html;\r\n\r\n                setTimeout(function() {\r\n                    holder.scrollIntoView({ behavior: 'smooth', block: 'start' });\r\n                }, 80);\r\n\r\n            } catch (error) {\r\n                holder.innerHTML = '<div class=\"abm-track-feedback\"><div class=\"abm-track-message\">N\u00e3o foi poss\u00edvel consultar agora. Tente novamente em instantes.<\/div><\/div>';\r\n            } finally {\r\n                button.classList.remove('is-loading');\r\n                button.innerHTML = originalText;\r\n            }\r\n        });\r\n    })();\r\n    <\/script>\r\n    <\/div>\n<div style=\"font-size: 16px; color: #ccc; line-height: 1.8;\">\n<p><strong style=\"color: #fff;\">Contato:<\/strong><\/p>\n<p>Telefone \/ WhatsApp: (508) 790-1002 \/ (508) 685-6773<\/p>\n<p>E-mail: abrmoving@gmail.com<\/p>\n<p>Endere\u00e7o: 192 Iyannough Rd, Hyannis &#8211; MA &#8211; 02601<\/p>\n<\/div>\n<\/section>\n","protected":false},"excerpt":{"rendered":"<p>Estamos em manuten\u00e7\u00e3o Nosso site est\u00e1 passando por melhorias para atend\u00ea-lo melhor. O rastreamento da sua encomenda continua dispon\u00edvel abaixo. Contato: Telefone \/ WhatsApp: (508) 790-1002 \/ (508) 685-6773 E-mail: abrmoving@gmail.com Endere\u00e7o: 192 Iyannough Rd, Hyannis &#8211; MA &#8211; 02601<\/p>","protected":false},"author":1,"featured_media":0,"parent":0,"menu_order":0,"comment_status":"closed","ping_status":"closed","template":"","meta":{"footnotes":""},"class_list":["post-9042","page","type-page","status-publish","hentry"],"yoast_head":"<!-- This site is optimized with the Yoast SEO Premium plugin v27.3 (Yoast SEO v27.3) - https:\/\/yoast.com\/product\/yoast-seo-premium-wordpress\/ -->\n<title>Manuten\u00e7\u00e3o - Apexus<\/title>\n<meta name=\"robots\" content=\"index, follow, max-snippet:-1, max-image-preview:large, max-video-preview:-1\" \/>\n<link rel=\"canonical\" href=\"https:\/\/alegrabrasilmoving.com\/en\/\" \/>\n<meta property=\"og:locale\" content=\"en_US\" \/>\n<meta property=\"og:type\" content=\"article\" \/>\n<meta property=\"og:title\" content=\"Manuten\u00e7\u00e3o\" \/>\n<meta property=\"og:description\" content=\"Estamos em manuten\u00e7\u00e3o Nosso site est\u00e1 passando por melhorias para atend\u00ea-lo melhor. O rastreamento da sua encomenda continua dispon\u00edvel abaixo. Contato: Telefone \/ WhatsApp: (508) 790-1002 \/ (508) 685-6773 E-mail: abrmoving@gmail.com Endere\u00e7o: 192 Iyannough Rd, Hyannis &#8211; MA &#8211; 02601\" \/>\n<meta property=\"og:url\" content=\"https:\/\/alegrabrasilmoving.com\/en\/\" \/>\n<meta property=\"og:site_name\" content=\"Apexus\" \/>\n<meta property=\"article:publisher\" content=\"https:\/\/www.facebook.com\/alegrabrasilmoving\/?locale=pt_BR\" \/>\n<meta property=\"article:modified_time\" content=\"2026-03-26T03:44:45+00:00\" \/>\n<meta property=\"og:image\" content=\"https:\/\/alegrabrasilmoving.com\/wp-content\/uploads\/2025\/10\/logo-light.png\" \/>\n\t<meta property=\"og:image:width\" content=\"1536\" \/>\n\t<meta property=\"og:image:height\" content=\"1259\" \/>\n\t<meta property=\"og:image:type\" content=\"image\/png\" \/>\n<meta name=\"twitter:card\" content=\"summary_large_image\" \/>\n<script type=\"application\/ld+json\" class=\"yoast-schema-graph\">{\"@context\":\"https:\\\/\\\/schema.org\",\"@graph\":[{\"@type\":\"WebPage\",\"@id\":\"https:\\\/\\\/alegrabrasilmoving.com\\\/\",\"url\":\"https:\\\/\\\/alegrabrasilmoving.com\\\/\",\"name\":\"Manuten\u00e7\u00e3o - Apexus\",\"isPartOf\":{\"@id\":\"https:\\\/\\\/alegrabrasilmoving.com\\\/#website\"},\"primaryImageOfPage\":{\"@id\":\"https:\\\/\\\/alegrabrasilmoving.com\\\/#primaryimage\"},\"image\":{\"@id\":\"https:\\\/\\\/alegrabrasilmoving.com\\\/#primaryimage\"},\"thumbnailUrl\":\"https:\\\/\\\/alegrabrasilmoving.com\\\/wp-content\\\/uploads\\\/2025\\\/10\\\/logo-light-624x468.png\",\"datePublished\":\"2026-03-26T03:41:19+00:00\",\"dateModified\":\"2026-03-26T03:44:45+00:00\",\"breadcrumb\":{\"@id\":\"https:\\\/\\\/alegrabrasilmoving.com\\\/#breadcrumb\"},\"inLanguage\":\"en-US\",\"potentialAction\":[{\"@type\":\"ReadAction\",\"target\":[\"https:\\\/\\\/alegrabrasilmoving.com\\\/\"]}]},{\"@type\":\"ImageObject\",\"inLanguage\":\"en-US\",\"@id\":\"https:\\\/\\\/alegrabrasilmoving.com\\\/#primaryimage\",\"url\":\"https:\\\/\\\/alegrabrasilmoving.com\\\/wp-content\\\/uploads\\\/2025\\\/10\\\/logo-light-624x468.png\",\"contentUrl\":\"https:\\\/\\\/alegrabrasilmoving.com\\\/wp-content\\\/uploads\\\/2025\\\/10\\\/logo-light-624x468.png\"},{\"@type\":\"BreadcrumbList\",\"@id\":\"https:\\\/\\\/alegrabrasilmoving.com\\\/#breadcrumb\",\"itemListElement\":[{\"@type\":\"ListItem\",\"position\":1,\"name\":\"Home\",\"item\":\"https:\\\/\\\/alegrabrasilmoving.com\\\/\"},{\"@type\":\"ListItem\",\"position\":2,\"name\":\"Manuten\u00e7\u00e3o\"}]},{\"@type\":\"WebSite\",\"@id\":\"https:\\\/\\\/alegrabrasilmoving.com\\\/#website\",\"url\":\"https:\\\/\\\/alegrabrasilmoving.com\\\/\",\"name\":\"Alegra Brasil Moving\",\"description\":\"Empresa especializada em mudan\u00e7as dos EUA para o Brasil, coleta de caixas, rastreamento de encomendas e entrega segura para fam\u00edlias brasileiras.\",\"publisher\":{\"@id\":\"https:\\\/\\\/alegrabrasilmoving.com\\\/#organization\"},\"alternateName\":\"AB Moving\",\"potentialAction\":[{\"@type\":\"SearchAction\",\"target\":{\"@type\":\"EntryPoint\",\"urlTemplate\":\"https:\\\/\\\/alegrabrasilmoving.com\\\/?s={search_term_string}\"},\"query-input\":{\"@type\":\"PropertyValueSpecification\",\"valueRequired\":true,\"valueName\":\"search_term_string\"}}],\"inLanguage\":\"en-US\"},{\"@type\":\"Organization\",\"@id\":\"https:\\\/\\\/alegrabrasilmoving.com\\\/#organization\",\"name\":\"Alegra Brasil Moving\",\"alternateName\":\"AB Moving\",\"url\":\"https:\\\/\\\/alegrabrasilmoving.com\\\/\",\"logo\":{\"@type\":\"ImageObject\",\"inLanguage\":\"en-US\",\"@id\":\"https:\\\/\\\/alegrabrasilmoving.com\\\/#\\\/schema\\\/logo\\\/image\\\/\",\"url\":\"https:\\\/\\\/alegrabrasilmoving.com\\\/wp-content\\\/uploads\\\/2025\\\/11\\\/AB-Moving-Horizontal-oti.png\",\"contentUrl\":\"https:\\\/\\\/alegrabrasilmoving.com\\\/wp-content\\\/uploads\\\/2025\\\/11\\\/AB-Moving-Horizontal-oti.png\",\"width\":306,\"height\":74,\"caption\":\"Alegra Brasil Moving\"},\"image\":{\"@id\":\"https:\\\/\\\/alegrabrasilmoving.com\\\/#\\\/schema\\\/logo\\\/image\\\/\"},\"sameAs\":[\"https:\\\/\\\/www.facebook.com\\\/alegrabrasilmoving\\\/?locale=pt_BR\",\"https:\\\/\\\/www.instagram.com\\\/alegrabrasilmoving\\\/\"],\"description\":\"Empresa especializada em mudan\u00e7as dos EUA para o Brasil, coleta de caixas, rastreamento de encomendas e entrega segura para fam\u00edlias brasileiras.\",\"email\":\"contato@alegrabrasilmoving.com\",\"telephone\":\"+1 508-790-1002\",\"legalName\":\"Alegra Brasil Moving\",\"foundingDate\":\"2005-08-05\"}]}<\/script>\n<!-- \/ Yoast SEO Premium plugin. -->","yoast_head_json":{"title":"Manuten\u00e7\u00e3o - Apexus","robots":{"index":"index","follow":"follow","max-snippet":"max-snippet:-1","max-image-preview":"max-image-preview:large","max-video-preview":"max-video-preview:-1"},"canonical":"https:\/\/alegrabrasilmoving.com\/en\/","og_locale":"en_US","og_type":"article","og_title":"Manuten\u00e7\u00e3o","og_description":"Estamos em manuten\u00e7\u00e3o Nosso site est\u00e1 passando por melhorias para atend\u00ea-lo melhor. O rastreamento da sua encomenda continua dispon\u00edvel abaixo. Contato: Telefone \/ WhatsApp: (508) 790-1002 \/ (508) 685-6773 E-mail: abrmoving@gmail.com Endere\u00e7o: 192 Iyannough Rd, Hyannis &#8211; MA &#8211; 02601","og_url":"https:\/\/alegrabrasilmoving.com\/en\/","og_site_name":"Apexus","article_publisher":"https:\/\/www.facebook.com\/alegrabrasilmoving\/?locale=pt_BR","article_modified_time":"2026-03-26T03:44:45+00:00","og_image":[{"width":1536,"height":1259,"url":"https:\/\/alegrabrasilmoving.com\/wp-content\/uploads\/2025\/10\/logo-light.png","type":"image\/png"}],"twitter_card":"summary_large_image","schema":{"@context":"https:\/\/schema.org","@graph":[{"@type":"WebPage","@id":"https:\/\/alegrabrasilmoving.com\/","url":"https:\/\/alegrabrasilmoving.com\/","name":"Manuten\u00e7\u00e3o - Apexus","isPartOf":{"@id":"https:\/\/alegrabrasilmoving.com\/#website"},"primaryImageOfPage":{"@id":"https:\/\/alegrabrasilmoving.com\/#primaryimage"},"image":{"@id":"https:\/\/alegrabrasilmoving.com\/#primaryimage"},"thumbnailUrl":"https:\/\/alegrabrasilmoving.com\/wp-content\/uploads\/2025\/10\/logo-light-624x468.png","datePublished":"2026-03-26T03:41:19+00:00","dateModified":"2026-03-26T03:44:45+00:00","breadcrumb":{"@id":"https:\/\/alegrabrasilmoving.com\/#breadcrumb"},"inLanguage":"en-US","potentialAction":[{"@type":"ReadAction","target":["https:\/\/alegrabrasilmoving.com\/"]}]},{"@type":"ImageObject","inLanguage":"en-US","@id":"https:\/\/alegrabrasilmoving.com\/#primaryimage","url":"https:\/\/alegrabrasilmoving.com\/wp-content\/uploads\/2025\/10\/logo-light-624x468.png","contentUrl":"https:\/\/alegrabrasilmoving.com\/wp-content\/uploads\/2025\/10\/logo-light-624x468.png"},{"@type":"BreadcrumbList","@id":"https:\/\/alegrabrasilmoving.com\/#breadcrumb","itemListElement":[{"@type":"ListItem","position":1,"name":"Home","item":"https:\/\/alegrabrasilmoving.com\/"},{"@type":"ListItem","position":2,"name":"Manuten\u00e7\u00e3o"}]},{"@type":"WebSite","@id":"https:\/\/alegrabrasilmoving.com\/#website","url":"https:\/\/alegrabrasilmoving.com\/","name":"Alegra Brasil Moving","description":"Empresa especializada em mudan\u00e7as dos EUA para o Brasil, coleta de caixas, rastreamento de encomendas e entrega segura para fam\u00edlias brasileiras.","publisher":{"@id":"https:\/\/alegrabrasilmoving.com\/#organization"},"alternateName":"AB Moving","potentialAction":[{"@type":"SearchAction","target":{"@type":"EntryPoint","urlTemplate":"https:\/\/alegrabrasilmoving.com\/?s={search_term_string}"},"query-input":{"@type":"PropertyValueSpecification","valueRequired":true,"valueName":"search_term_string"}}],"inLanguage":"en-US"},{"@type":"Organization","@id":"https:\/\/alegrabrasilmoving.com\/#organization","name":"Alegra Brasil Moving","alternateName":"AB Moving","url":"https:\/\/alegrabrasilmoving.com\/","logo":{"@type":"ImageObject","inLanguage":"en-US","@id":"https:\/\/alegrabrasilmoving.com\/#\/schema\/logo\/image\/","url":"https:\/\/alegrabrasilmoving.com\/wp-content\/uploads\/2025\/11\/AB-Moving-Horizontal-oti.png","contentUrl":"https:\/\/alegrabrasilmoving.com\/wp-content\/uploads\/2025\/11\/AB-Moving-Horizontal-oti.png","width":306,"height":74,"caption":"Alegra Brasil Moving"},"image":{"@id":"https:\/\/alegrabrasilmoving.com\/#\/schema\/logo\/image\/"},"sameAs":["https:\/\/www.facebook.com\/alegrabrasilmoving\/?locale=pt_BR","https:\/\/www.instagram.com\/alegrabrasilmoving\/"],"description":"Empresa especializada em mudan\u00e7as dos EUA para o Brasil, coleta de caixas, rastreamento de encomendas e entrega segura para fam\u00edlias brasileiras.","email":"contato@alegrabrasilmoving.com","telephone":"+1 508-790-1002","legalName":"Alegra Brasil Moving","foundingDate":"2005-08-05"}]}},"_links":{"self":[{"href":"https:\/\/alegrabrasilmoving.com\/en\/wp-json\/wp\/v2\/pages\/9042","targetHints":{"allow":["GET"]}}],"collection":[{"href":"https:\/\/alegrabrasilmoving.com\/en\/wp-json\/wp\/v2\/pages"}],"about":[{"href":"https:\/\/alegrabrasilmoving.com\/en\/wp-json\/wp\/v2\/types\/page"}],"author":[{"embeddable":true,"href":"https:\/\/alegrabrasilmoving.com\/en\/wp-json\/wp\/v2\/users\/1"}],"replies":[{"embeddable":true,"href":"https:\/\/alegrabrasilmoving.com\/en\/wp-json\/wp\/v2\/comments?post=9042"}],"version-history":[{"count":3,"href":"https:\/\/alegrabrasilmoving.com\/en\/wp-json\/wp\/v2\/pages\/9042\/revisions"}],"predecessor-version":[{"id":9045,"href":"https:\/\/alegrabrasilmoving.com\/en\/wp-json\/wp\/v2\/pages\/9042\/revisions\/9045"}],"wp:attachment":[{"href":"https:\/\/alegrabrasilmoving.com\/en\/wp-json\/wp\/v2\/media?parent=9042"}],"curies":[{"name":"wp","href":"https:\/\/api.w.org\/{rel}","templated":true}]}}